{"id":4157,"date":"2025-01-31T13:24:51","date_gmt":"2025-01-31T12:24:51","guid":{"rendered":"https:\/\/potravinarskypavilon.cz\/?page_id=4157"},"modified":"2025-01-31T13:33:03","modified_gmt":"2025-01-31T12:33:03","slug":"nase-prodejna","status":"publish","type":"page","link":"https:\/\/potravinarskypavilon.cz\/en\/nase-prodejna\/","title":{"rendered":"Our shop"},"content":{"rendered":"<div data-elementor-type=\"wp-page\" data-elementor-id=\"4157\" class=\"elementor elementor-4157\">\n\t\t\t\t\t\t<section class=\"elementor-section elementor-top-section elementor-element elementor-element-a5df20b elementor-section-boxed elementor-section-height-default elementor-section-height-default\" data-id=\"a5df20b\" data-element_type=\"section\">\n\t\t\t\t\t\t<div class=\"elementor-container elementor-column-gap-default\">\n\t\t\t\t\t<div class=\"elementor-column elementor-col-100 elementor-top-column elementor-element elementor-element-752d074\" data-id=\"752d074\" data-element_type=\"column\">\n\t\t\t<div class=\"elementor-widget-wrap elementor-element-populated\">\n\t\t\t\t\t\t<div class=\"elementor-element elementor-element-bc32a08 elementor-widget elementor-widget-image\" data-id=\"bc32a08\" data-element_type=\"widget\" data-widget_type=\"image.default\">\n\t\t\t\t<div class=\"elementor-widget-container\">\n\t\t\t\t\t\t\t\t\t\t\t\t\t\t\t<img decoding=\"async\" src=\"https:\/\/www.af.czu.cz\/cache\/content-files\/117108.jpg\" title=\"\" alt=\"\" loading=\"lazy\" \/>\t\t\t\t\t\t\t\t\t\t\t\t\t\t\t<\/div>\n\t\t\t\t<\/div>\n\t\t\t\t\t<\/div>\n\t\t<\/div>\n\t\t\t\t\t<\/div>\n\t\t<\/section>\n\t\t\t\t<section class=\"elementor-section elementor-top-section elementor-element elementor-element-d7fc985 elementor-section-boxed elementor-section-height-default elementor-section-height-default\" data-id=\"d7fc985\" data-element_type=\"section\">\n\t\t\t\t\t\t<div class=\"elementor-container elementor-column-gap-default\">\n\t\t\t\t\t<div class=\"elementor-column elementor-col-50 elementor-top-column elementor-element elementor-element-dc884fb\" data-id=\"dc884fb\" data-element_type=\"column\">\n\t\t\t<div class=\"elementor-widget-wrap elementor-element-populated\">\n\t\t\t\t\t\t<div class=\"elementor-element elementor-element-f8c1ea0 elementor-widget elementor-widget-text-editor\" data-id=\"f8c1ea0\" data-element_type=\"widget\" data-widget_type=\"text-editor.default\">\n\t\t\t\t<div class=\"elementor-widget-container\">\n\t\t\t\t\t\t\t\t\t<h2>Na\u0161e p\u0159ednosti<\/h2><ul><li>\u010cerstv\u00e9 v\u00fdrobky p\u0159\u00edmo z univerzitn\u00ed v\u00fdroby<\/li><li>Tradi\u010dn\u00ed receptury bez zbyte\u010dn\u00fdch p\u0159\u00eddatn\u00fdch l\u00e1tek<\/li><li>Produkty ocen\u011bn\u00e9 zna\u010dkou KLASA<\/li><li>Spojen\u00ed v\u011bdeck\u00e9ho v\u00fdzkumu s \u0159emeslnou v\u00fdrobou<\/li><\/ul>\t\t\t\t\t\t\t\t<\/div>\n\t\t\t\t<\/div>\n\t\t\t\t<div class=\"elementor-element elementor-element-ed3f12f elementor-widget elementor-widget-text-editor\" data-id=\"ed3f12f\" data-element_type=\"widget\" data-widget_type=\"text-editor.default\">\n\t\t\t\t<div class=\"elementor-widget-container\">\n\t\t\t\t\t\t\t\t\t<!DOCTYPE html>\n<html>\n<head>\n<style>\n.opening-hours-box {\n    max-width: 400px;\n    margin: 0 auto;\n    background: linear-gradient(135deg, #fff5f0 0%, #fff 100%);\n    border-radius: 16px;\n    overflow: hidden;\n    box-shadow: 0 4px 20px rgba(251, 146, 60, 0.08);\n    border: 1px solid rgba(251, 146, 60, 0.1);\n}\n\n.opening-hours-content {\n    padding: 32px;\n}\n\n.opening-hours-header {\n    display: flex;\n    align-items: center;\n    margin-bottom: 32px;\n}\n\n.opening-hours-header h2 {\n    color: #c2410c;\n    font-size: 24px;\n    font-weight: 600;\n    margin: 0 0 0 12px;\n}\n\n.hours-block {\n    background: #fff;\n    border: 1px solid rgba(251, 146, 60, 0.15);\n    border-radius: 12px;\n    padding: 16px;\n    margin-bottom: 16px;\n    transition: all 0.2s ease;\n}\n\n.hours-block:hover {\n    border-color: rgba(251, 146, 60, 0.3);\n    box-shadow: 0 2px 8px rgba(251, 146, 60, 0.06);\n}\n\n.day-label {\n    display: flex;\n    align-items: center;\n    color: #9a3412;\n    font-weight: 500;\n    margin-bottom: 8px;\n}\n\n.day-label span {\n    margin-left: 8px;\n}\n\n.time {\n    color: #ea580c;\n    font-size: 22px;\n    font-weight: 600;\n    margin-left: 28px;\n}\n\n.address-section {\n    margin-top: 32px;\n    padding-top: 24px;\n    border-top: 1px solid rgba(251, 146, 60, 0.15);\n}\n\n.address-content {\n    display: flex;\n    align-items: flex-start;\n}\n\n.address-text {\n    margin-left: 8px;\n    color: #9a3412;\n}\n\n.address-details {\n    color: #c2410c;\n    font-size: 14px;\n    margin-top: 4px;\n}\n\nsvg {\n    stroke: #ea580c;\n}\n<\/style>\n<\/head>\n<body>\n\n<div class=\"opening-hours-box\">\n    <div class=\"opening-hours-content\">\n        <!-- Hlavi\u010dka -->\n        <div class=\"opening-hours-header\">\n            <svg width=\"24\" height=\"24\" viewbox=\"0 0 24 24\" fill=\"none\" stroke-width=\"2\" stroke-linecap=\"round\" stroke-linejoin=\"round\">\n                <circle cx=\"12\" cy=\"12\" r=\"10\"\/>\n                <polyline points=\"12 6 12 12 16 14\"\/>\n            <\/svg>\n            <h2>Otev\u00edrac\u00ed doba<\/h2>\n        <\/div>\n\n        <!-- Pracovn\u00ed dny -->\n        <div class=\"hours-block\">\n            <div class=\"day-label\">\n                <svg width=\"18\" height=\"18\" viewbox=\"0 0 24 24\" fill=\"none\" stroke-width=\"2\" stroke-linecap=\"round\" stroke-linejoin=\"round\">\n                    <rect x=\"3\" y=\"4\" width=\"18\" height=\"18\" rx=\"2\" ry=\"2\"\/>\n                    <line x1=\"16\" y1=\"2\" x2=\"16\" y2=\"6\"\/>\n                    <line x1=\"8\" y1=\"2\" x2=\"8\" y2=\"6\"\/>\n                    <line x1=\"3\" y1=\"10\" x2=\"21\" y2=\"10\"\/>\n                <\/svg>\n                <span>Pond\u011bl\u00ed &#8211; P\u00e1tek<\/span>\n            <\/div>\n            <div class=\"time\">8:00 &#8211; 17:30<\/div>\n        <\/div>\n\n        <!-- V\u00edkend -->\n        <div class=\"hours-block\">\n            <div class=\"day-label\">\n                <svg width=\"18\" height=\"18\" viewbox=\"0 0 24 24\" fill=\"none\" stroke-width=\"2\" stroke-linecap=\"round\" stroke-linejoin=\"round\">\n                    <rect x=\"3\" y=\"4\" width=\"18\" height=\"18\" rx=\"2\" ry=\"2\"\/>\n                    <line x1=\"16\" y1=\"2\" x2=\"16\" y2=\"6\"\/>\n                    <line x1=\"8\" y1=\"2\" x2=\"8\" y2=\"6\"\/>\n                    <line x1=\"3\" y1=\"10\" x2=\"21\" y2=\"10\"\/>\n                <\/svg>\n                <span>Sobota &#8211; Ned\u011ble<\/span>\n            <\/div>\n            <div class=\"time\">Zav\u0159eno<\/div>\n        <\/div>\n\n        <!-- Adresa -->\n        <div class=\"address-section\">\n            <div class=\"address-content\">\n                <svg width=\"18\" height=\"18\" viewbox=\"0 0 24 24\" fill=\"none\" stroke-width=\"2\" stroke-linecap=\"round\" stroke-linejoin=\"round\">\n                    <path d=\"M21 10c0 7-9 13-9 13s-9-6-9-13a9 9 0 0 1 18 0z\"\/>\n                    <circle cx=\"12\" cy=\"10\" r=\"3\"\/>\n                <\/svg>\n                <div class=\"address-text\">\n                    <div>Prodejna Potravin\u00e1\u0159sk\u00e9ho pavilonu<\/div>\n                    <div class=\"address-details\">\n                        S\u00eddli\u0161tn\u00ed 1368\/7<br>\n                        165 00 Praha &#8211; Suchdol\n                    <\/div>\n                <\/div>\n            <\/div>\n        <\/div>\n    <\/div>\n<\/div>\n\n<\/body>\n<\/html>\t\t\t\t\t\t\t\t<\/div>\n\t\t\t\t<\/div>\n\t\t\t\t\t<\/div>\n\t\t<\/div>\n\t\t\t\t<div class=\"elementor-column elementor-col-50 elementor-top-column elementor-element elementor-element-71a023d\" data-id=\"71a023d\" data-element_type=\"column\">\n\t\t\t<div class=\"elementor-widget-wrap elementor-element-populated\">\n\t\t\t\t\t\t<div class=\"elementor-element elementor-element-20d851d elementor-widget elementor-widget-text-editor\" data-id=\"20d851d\" data-element_type=\"widget\" data-widget_type=\"text-editor.default\">\n\t\t\t\t<div class=\"elementor-widget-container\">\n\t\t\t\t\t\t\t\t\t<h2>N\u00e1\u0161 sortiment<\/h2><h3>Ml\u00e9\u010dn\u00e9 v\u00fdrobky<\/h3><p>Jogurty bez stabiliz\u00e1tor\u016f, kef\u00edr s jemnou perlivost\u00ed, tvaroh pln\u00e9 chuti, \u0159emesln\u00e9 \u010derstv\u00e9 s\u00fdry a lahodn\u00e1 zmrzlina ze smetany. Na\u0161e produkty vyr\u00e1b\u00edme z Jersey ml\u00e9ka s minim\u00e1ln\u011b 5 % tuku.<\/p><h3>Peka\u0159sk\u00e9 v\u00fdrobky<\/h3><p>Tradi\u010dn\u00ed kv\u00e1skov\u00fd chl\u00e9b, v\u00edcezrnn\u00e9 pe\u010divo, k\u0159upav\u00e9 rohl\u00edky a jemn\u00e9 pe\u010divo z kvalitn\u00edch surovin. Na\u0161e cukr\u00e1\u0159sk\u00e1 v\u00fdroba nab\u00edz\u00ed dezerty z poctiv\u00fdch surovin podle tradi\u010dn\u00edch receptur.<\/p><h3>Speciality<\/h3><p>Za studena lisovan\u00e9 oleje, bylinn\u00e9 sirupy, dom\u00e1c\u00ed marmel\u00e1dy a dal\u0161\u00ed produkty vyroben\u00e9 s d\u016frazem na kvalitu a tradi\u010dn\u00ed postupy.<\/p>\t\t\t\t\t\t\t\t<\/div>\n\t\t\t\t<\/div>\n\t\t\t\t<div class=\"elementor-element elementor-element-7bfa3ef elementor-widget elementor-widget-text-editor\" data-id=\"7bfa3ef\" data-element_type=\"widget\" data-widget_type=\"text-editor.default\">\n\t\t\t\t<div class=\"elementor-widget-container\">\n\t\t\t\t\t\t\t\t\t<!DOCTYPE html>\n<html>\n<head>\n<style>\n.cta-button {\n    display: inline-flex;\n    align-items: center;\n    padding: 14px 28px;\n    background: linear-gradient(135deg, #fb923c 0%, #ea580c 100%);\n    border: none;\n    border-radius: 12px;\n    color: white;\n    font-size: 16px;\n    font-weight: 500;\n    text-decoration: none;\n    transition: all 0.3s ease;\n    box-shadow: 0 2px 10px rgba(251, 146, 60, 0.2);\n    position: relative;\n    overflow: hidden;\n}\n\n.cta-button:hover {\n    transform: translateY(-2px);\n    box-shadow: 0 4px 15px rgba(251, 146, 60, 0.3);\n    background: linear-gradient(135deg, #fb923c 0%, #f97316 100%);\n}\n\n.cta-button:active {\n    transform: translateY(0);\n    box-shadow: 0 2px 5px rgba(251, 146, 60, 0.2);\n}\n\n.cta-button svg {\n    margin-left: 8px;\n    transition: transform 0.3s ease;\n}\n\n.cta-button:hover svg {\n    transform: translateX(4px);\n}\n\n\/* Pro lep\u0161\u00ed vzhled na mobilech *\/\n@media (max-width: 480px) {\n    .cta-button {\n        padding: 12px 24px;\n        font-size: 15px;\n    }\n}\n<\/style>\n<\/head>\n<body>\n\n<a href=\"https:\/\/eshop.potravinarskypavilon.cz\/\" class=\"cta-button\">\n    Eshop \u0159emesln\u00fdch potravin z \u010cZU\n    <svg width=\"18\" height=\"18\" viewbox=\"0 0 24 24\" fill=\"none\" stroke=\"currentColor\" stroke-width=\"2\" stroke-linecap=\"round\" stroke-linejoin=\"round\">\n        <line x1=\"5\" y1=\"12\" x2=\"19\" y2=\"12\"><\/line>\n        <polyline points=\"12 5 19 12 12 19\"><\/polyline>\n    <\/svg>\n<\/a>\n\n<\/body>\n<\/html>\t\t\t\t\t\t\t\t<\/div>\n\t\t\t\t<\/div>\n\t\t\t\t\t<\/div>\n\t\t<\/div>\n\t\t\t\t\t<\/div>\n\t\t<\/section>\n\t\t\t\t<section class=\"elementor-section elementor-top-section elementor-element elementor-element-e0e78ed elementor-section-boxed elementor-section-height-default elementor-section-height-default\" data-id=\"e0e78ed\" data-element_type=\"section\">\n\t\t\t\t\t\t<div class=\"elementor-container elementor-column-gap-default\">\n\t\t\t\t\t<div class=\"elementor-column elementor-col-100 elementor-top-column elementor-element elementor-element-4bbf61b\" data-id=\"4bbf61b\" data-element_type=\"column\">\n\t\t\t<div class=\"elementor-widget-wrap elementor-element-populated\">\n\t\t\t\t\t\t<div class=\"elementor-element elementor-element-3b61629 elementor-widget elementor-widget-google_maps\" data-id=\"3b61629\" data-element_type=\"widget\" data-widget_type=\"google_maps.default\">\n\t\t\t\t<div class=\"elementor-widget-container\">\n\t\t\t\t\t\t\t<div class=\"elementor-custom-embed\">\n\t\t\t<iframe loading=\"lazy\"\n\t\t\t\t\tsrc=\"https:\/\/www.google.com\/maps\/embed\/v1\/place?key=AIzaSyAnF_A03qypGYdaHYYzIF3qU1ZjVwlt9DE&#038;q=Potravin%C3%A1%C5%99sk%C3%BD%20pavilon&#038;zoom=13\"\n\t\t\t\t\ttitle=\"Food Pavilion\"\n\t\t\t\t\taria-label=\"Food Pavilion\"\n\t\t\t><\/iframe>\n\t\t<\/div>\n\t\t\t\t\t\t<\/div>\n\t\t\t\t<\/div>\n\t\t\t\t\t<\/div>\n\t\t<\/div>\n\t\t\t\t\t<\/div>\n\t\t<\/section>\n\t\t\t\t<\/div>","protected":false},"excerpt":{"rendered":"<p>Na\u0161e p\u0159ednosti \u010cerstv\u00e9 v\u00fdrobky p\u0159\u00edmo z univerzitn\u00ed v\u00fdroby Tradi\u010dn\u00ed receptury bez zbyte\u010dn\u00fdch p\u0159\u00eddatn\u00fdch l\u00e1tek Produkty ocen\u011bn\u00e9 zna\u010dkou KLASA Spojen\u00ed v\u011bdeck\u00e9ho v\u00fdzkumu s \u0159emeslnou v\u00fdrobou Otev\u00edrac\u00ed doba Pond\u011bl\u00ed &#8211; P\u00e1tek 8:00 &#8211; 17:30 Sobota &#8211; Ned\u011ble Zav\u0159eno Prodejna Potravin\u00e1\u0159sk\u00e9ho pavilonu S\u00eddli\u0161tn\u00ed 1368\/7 165 00 Praha &#8211; Suchdol N\u00e1\u0161 sortiment Ml\u00e9\u010dn\u00e9 v\u00fdrobky Jogurty bez stabiliz\u00e1tor\u016f, kef\u00edr s [&hellip;]<\/p>","protected":false},"author":1,"featured_media":0,"parent":0,"menu_order":0,"comment_status":"closed","ping_status":"closed","template":"","meta":{"footnotes":"","_links_to":"","_links_to_target":""},"class_list":["post-4157","page","type-page","status-publish","hentry"],"_links":{"self":[{"href":"https:\/\/potravinarskypavilon.cz\/en\/wp-json\/wp\/v2\/pages\/4157","targetHints":{"allow":["GET"]}}],"collection":[{"href":"https:\/\/potravinarskypavilon.cz\/en\/wp-json\/wp\/v2\/pages"}],"about":[{"href":"https:\/\/potravinarskypavilon.cz\/en\/wp-json\/wp\/v2\/types\/page"}],"author":[{"embeddable":true,"href":"https:\/\/potravinarskypavilon.cz\/en\/wp-json\/wp\/v2\/users\/1"}],"replies":[{"embeddable":true,"href":"https:\/\/potravinarskypavilon.cz\/en\/wp-json\/wp\/v2\/comments?post=4157"}],"version-history":[{"count":14,"href":"https:\/\/potravinarskypavilon.cz\/en\/wp-json\/wp\/v2\/pages\/4157\/revisions"}],"predecessor-version":[{"id":4173,"href":"https:\/\/potravinarskypavilon.cz\/en\/wp-json\/wp\/v2\/pages\/4157\/revisions\/4173"}],"wp:attachment":[{"href":"https:\/\/potravinarskypavilon.cz\/en\/wp-json\/wp\/v2\/media?parent=4157"}],"curies":[{"name":"wp","href":"https:\/\/api.w.org\/{rel}","templated":true}]}}